{"id":60,"date":"2023-04-30T05:20:55","date_gmt":"2023-04-30T05:20:55","guid":{"rendered":"https:\/\/wphix.com\/wp\/softec\/?page_id=60"},"modified":"2025-10-27T10:26:30","modified_gmt":"2025-10-27T09:26:30","slug":"projects","status":"publish","type":"page","link":"http:\/\/ngi-tunisie.com\/?page_id=60","title":{"rendered":"SOLUTIONS NGI GPS"},"content":{"rendered":"\t\t<div data-elementor-type=\"wp-page\" data-elementor-id=\"60\" class=\"elementor elementor-60\">\n\t\t\t\t\t\t<section class=\"elementor-section elementor-top-section elementor-element elementor-element-d988f58 elementor-section-full_width elementor-section-height-default elementor-section-height-default\" data-id=\"d988f58\" data-element_type=\"section\">\n\t\t\t\t\t\t<div class=\"elementor-container elementor-column-gap-no\">\n\t\t\t\t\t<div class=\"elementor-column elementor-col-100 elementor-top-column elementor-element elementor-element-3a89b39\" data-id=\"3a89b39\" data-element_type=\"column\">\n\t\t\t<div class=\"elementor-widget-wrap elementor-element-populated\">\n\t\t\t\t\t\t<div class=\"elementor-element elementor-element-6d92711 elementor-widget elementor-widget-tp-portfolio-post\" data-id=\"6d92711\" data-element_type=\"widget\" data-widget_type=\"tp-portfolio-post.default\">\n\t\t\t\t<div class=\"elementor-widget-container\">\n\t\t\t\t\t\r\n\r\n<div class=\"portfolio-area pt-100 pb-90 tp-el-section\">\r\n    <div class=\"container\">\r\n        \r\n                <div class=\"row grid\">\r\n                        <div class=\"col-xl-4 col-lg-4 col-md-6 col-12 grid-item par-secteur \">\r\n                <div class=\"inner-project-item mb-30\">\r\n                                        <div class=\"inner-project-img fix p-relative\">\r\n                        <img fetchpriority=\"high\" decoding=\"async\" width=\"1562\" height=\"800\" src=\"http:\/\/ngi-tunisie.com\/wp-content\/uploads\/2025\/10\/Gestion-du-carburant.webp\" class=\"attachment-post-thumbnail size-post-thumbnail wp-post-image\" alt=\"\" srcset=\"http:\/\/ngi-tunisie.com\/wp-content\/uploads\/2025\/10\/Gestion-du-carburant.webp 1562w, http:\/\/ngi-tunisie.com\/wp-content\/uploads\/2025\/10\/Gestion-du-carburant-300x154.webp 300w, http:\/\/ngi-tunisie.com\/wp-content\/uploads\/2025\/10\/Gestion-du-carburant-1024x524.webp 1024w, http:\/\/ngi-tunisie.com\/wp-content\/uploads\/2025\/10\/Gestion-du-carburant-768x393.webp 768w, http:\/\/ngi-tunisie.com\/wp-content\/uploads\/2025\/10\/Gestion-du-carburant-1536x787.webp 1536w, http:\/\/ngi-tunisie.com\/wp-content\/uploads\/2025\/10\/Gestion-du-carburant-1170x600.webp 1170w\" sizes=\"(max-width: 1562px) 100vw, 1562px\" \/>                                            <\/div>\r\n                                        <div class=\"inner-project-content\">\r\n                        <span class=\"inner-project-category-title tp-el-cat\">Par secteur<\/span>\r\n                        <h4 class=\"inner-project-title tp-el-title\"><a href=\"http:\/\/ngi-tunisie.com\/?tp-portfolios=livraison-distribution\">Livraison \/ Distribution<\/a><\/h4>\r\n                                                <p class=\"tp-el-des\">Gestion de flotte de transport Optimisation des itin\u00e9raires : am\u00e9liorer l&rsquo;efficacit\u00e9<\/p>\r\n                                            <\/div>\r\n                <\/div>\r\n            <\/div>\r\n                        <div class=\"col-xl-4 col-lg-4 col-md-6 col-12 grid-item par-secteur \">\r\n                <div class=\"inner-project-item mb-30\">\r\n                                        <div class=\"inner-project-img fix p-relative\">\r\n                        <img decoding=\"async\" width=\"850\" height=\"481\" src=\"http:\/\/ngi-tunisie.com\/wp-content\/uploads\/2025\/09\/construction-d-un-oeil-d-oiseau-avec-une-carte-et-une-epingle.jpg\" class=\"attachment-post-thumbnail size-post-thumbnail wp-post-image\" alt=\"\" srcset=\"http:\/\/ngi-tunisie.com\/wp-content\/uploads\/2025\/09\/construction-d-un-oeil-d-oiseau-avec-une-carte-et-une-epingle.jpg 850w, http:\/\/ngi-tunisie.com\/wp-content\/uploads\/2025\/09\/construction-d-un-oeil-d-oiseau-avec-une-carte-et-une-epingle-300x170.jpg 300w, http:\/\/ngi-tunisie.com\/wp-content\/uploads\/2025\/09\/construction-d-un-oeil-d-oiseau-avec-une-carte-et-une-epingle-768x435.jpg 768w\" sizes=\"(max-width: 850px) 100vw, 850px\" \/>                                            <\/div>\r\n                                        <div class=\"inner-project-content\">\r\n                        <span class=\"inner-project-category-title tp-el-cat\">Par secteur<\/span>\r\n                        <h4 class=\"inner-project-title tp-el-title\"><a href=\"http:\/\/ngi-tunisie.com\/?tp-portfolios=btp\">BTP<\/a><\/h4>\r\n                                                <p class=\"tp-el-des\">Gestion de flotte de transport G\u00e9olocalisation en temps r\u00e9el : optimiser<\/p>\r\n                                            <\/div>\r\n                <\/div>\r\n            <\/div>\r\n                        <div class=\"col-xl-4 col-lg-4 col-md-6 col-12 grid-item par-secteur \">\r\n                <div class=\"inner-project-item mb-30\">\r\n                                        <div class=\"inner-project-img fix p-relative\">\r\n                        <img decoding=\"async\" width=\"1417\" height=\"822\" src=\"http:\/\/ngi-tunisie.com\/wp-content\/uploads\/2025\/09\/le-concept-d-utilisation-de-l-ia-et-de-l-agriculture-intelligente.jpg\" class=\"attachment-post-thumbnail size-post-thumbnail wp-post-image\" alt=\"\" srcset=\"http:\/\/ngi-tunisie.com\/wp-content\/uploads\/2025\/09\/le-concept-d-utilisation-de-l-ia-et-de-l-agriculture-intelligente.jpg 1417w, http:\/\/ngi-tunisie.com\/wp-content\/uploads\/2025\/09\/le-concept-d-utilisation-de-l-ia-et-de-l-agriculture-intelligente-300x174.jpg 300w, http:\/\/ngi-tunisie.com\/wp-content\/uploads\/2025\/09\/le-concept-d-utilisation-de-l-ia-et-de-l-agriculture-intelligente-1024x594.jpg 1024w, http:\/\/ngi-tunisie.com\/wp-content\/uploads\/2025\/09\/le-concept-d-utilisation-de-l-ia-et-de-l-agriculture-intelligente-768x446.jpg 768w\" sizes=\"(max-width: 1417px) 100vw, 1417px\" \/>                                            <\/div>\r\n                                        <div class=\"inner-project-content\">\r\n                        <span class=\"inner-project-category-title tp-el-cat\">Par secteur<\/span>\r\n                        <h4 class=\"inner-project-title tp-el-title\"><a href=\"http:\/\/ngi-tunisie.com\/?tp-portfolios=agro-alimentaire\">Agro-alimentaire<\/a><\/h4>\r\n                                                <p class=\"tp-el-des\">Gestion de flotte de transport Maintien de la cha\u00eene du froid<\/p>\r\n                                            <\/div>\r\n                <\/div>\r\n            <\/div>\r\n                        <div class=\"col-xl-4 col-lg-4 col-md-6 col-12 grid-item par-secteur \">\r\n                <div class=\"inner-project-item mb-30\">\r\n                                        <div class=\"inner-project-img fix p-relative\">\r\n                        <img loading=\"lazy\" decoding=\"async\" width=\"945\" height=\"562\" src=\"http:\/\/ngi-tunisie.com\/wp-content\/uploads\/2025\/09\/un-camion-.webp\" class=\"attachment-post-thumbnail size-post-thumbnail wp-post-image\" alt=\"\" srcset=\"http:\/\/ngi-tunisie.com\/wp-content\/uploads\/2025\/09\/un-camion-.webp 945w, http:\/\/ngi-tunisie.com\/wp-content\/uploads\/2025\/09\/un-camion--300x178.webp 300w, http:\/\/ngi-tunisie.com\/wp-content\/uploads\/2025\/09\/un-camion--768x457.webp 768w\" sizes=\"(max-width: 945px) 100vw, 945px\" \/>                                            <\/div>\r\n                                        <div class=\"inner-project-content\">\r\n                        <span class=\"inner-project-category-title tp-el-cat\">Par secteur<\/span>\r\n                        <h4 class=\"inner-project-title tp-el-title\"><a href=\"http:\/\/ngi-tunisie.com\/?tp-portfolios=transport\">Transport<\/a><\/h4>\r\n                                                <p class=\"tp-el-des\">Gestion de flotte de transport Optimisation des itin\u00e9raires et r\u00e9duction des<\/p>\r\n                                            <\/div>\r\n                <\/div>\r\n            <\/div>\r\n                        <div class=\"col-xl-4 col-lg-4 col-md-6 col-12 grid-item par-secteur \">\r\n                <div class=\"inner-project-item mb-30\">\r\n                                        <div class=\"inner-project-img fix p-relative\">\r\n                        <img loading=\"lazy\" decoding=\"async\" width=\"1610\" height=\"1190\" src=\"http:\/\/ngi-tunisie.com\/wp-content\/uploads\/2025\/10\/transport-dans-le-secteur-Oil-Gas.webp\" class=\"attachment-post-thumbnail size-post-thumbnail wp-post-image\" alt=\"\" srcset=\"http:\/\/ngi-tunisie.com\/wp-content\/uploads\/2025\/10\/transport-dans-le-secteur-Oil-Gas.webp 1610w, http:\/\/ngi-tunisie.com\/wp-content\/uploads\/2025\/10\/transport-dans-le-secteur-Oil-Gas-300x222.webp 300w, http:\/\/ngi-tunisie.com\/wp-content\/uploads\/2025\/10\/transport-dans-le-secteur-Oil-Gas-1024x757.webp 1024w, http:\/\/ngi-tunisie.com\/wp-content\/uploads\/2025\/10\/transport-dans-le-secteur-Oil-Gas-768x568.webp 768w, http:\/\/ngi-tunisie.com\/wp-content\/uploads\/2025\/10\/transport-dans-le-secteur-Oil-Gas-1536x1135.webp 1536w\" sizes=\"(max-width: 1610px) 100vw, 1610px\" \/>                                            <\/div>\r\n                                        <div class=\"inner-project-content\">\r\n                        <span class=\"inner-project-category-title tp-el-cat\">Par secteur<\/span>\r\n                        <h4 class=\"inner-project-title tp-el-title\"><a href=\"http:\/\/ngi-tunisie.com\/?tp-portfolios=oil-gas\">Oil &#038; Gas<\/a><\/h4>\r\n                                                <p class=\"tp-el-des\">Le secteur Oil\u202d &amp; \u202cGas est explicitement identifi\u00e9 par NGI GPS<\/p>\r\n                                            <\/div>\r\n                <\/div>\r\n            <\/div>\r\n                        <div class=\"col-xl-4 col-lg-4 col-md-6 col-12 grid-item par-secteur \">\r\n                <div class=\"inner-project-item mb-30\">\r\n                                        <div class=\"inner-project-img fix p-relative\">\r\n                        <img loading=\"lazy\" decoding=\"async\" width=\"1134\" height=\"756\" src=\"http:\/\/ngi-tunisie.com\/wp-content\/uploads\/2025\/10\/Chaine-du-Froid.webp\" class=\"attachment-post-thumbnail size-post-thumbnail wp-post-image\" alt=\"Cha\u00eene du Froid\" srcset=\"http:\/\/ngi-tunisie.com\/wp-content\/uploads\/2025\/10\/Chaine-du-Froid.webp 1134w, http:\/\/ngi-tunisie.com\/wp-content\/uploads\/2025\/10\/Chaine-du-Froid-300x200.webp 300w, http:\/\/ngi-tunisie.com\/wp-content\/uploads\/2025\/10\/Chaine-du-Froid-1024x683.webp 1024w, http:\/\/ngi-tunisie.com\/wp-content\/uploads\/2025\/10\/Chaine-du-Froid-768x512.webp 768w\" sizes=\"(max-width: 1134px) 100vw, 1134px\" \/>                                            <\/div>\r\n                                        <div class=\"inner-project-content\">\r\n                        <span class=\"inner-project-category-title tp-el-cat\">Par secteur<\/span>\r\n                        <h4 class=\"inner-project-title tp-el-title\"><a href=\"http:\/\/ngi-tunisie.com\/?tp-portfolios=pharmaceutique\">Pharmaceutique<\/a><\/h4>\r\n                                                <p class=\"tp-el-des\">Gestion de flotte de transport Garantie Inviolable de la Cha\u00eene du<\/p>\r\n                                            <\/div>\r\n                <\/div>\r\n            <\/div>\r\n                        <div class=\"col-xl-4 col-lg-4 col-md-6 col-12 grid-item par-secteur \">\r\n                <div class=\"inner-project-item mb-30\">\r\n                                        <div class=\"inner-project-img fix p-relative\">\r\n                        <img loading=\"lazy\" decoding=\"async\" width=\"2560\" height=\"1707\" src=\"http:\/\/ngi-tunisie.com\/wp-content\/uploads\/2025\/10\/Gestion-du-carburant-gps-scaled.webp\" class=\"attachment-post-thumbnail size-post-thumbnail wp-post-image\" alt=\"\" srcset=\"http:\/\/ngi-tunisie.com\/wp-content\/uploads\/2025\/10\/Gestion-du-carburant-gps-scaled.webp 2560w, http:\/\/ngi-tunisie.com\/wp-content\/uploads\/2025\/10\/Gestion-du-carburant-gps-300x200.webp 300w, http:\/\/ngi-tunisie.com\/wp-content\/uploads\/2025\/10\/Gestion-du-carburant-gps-1024x683.webp 1024w, http:\/\/ngi-tunisie.com\/wp-content\/uploads\/2025\/10\/Gestion-du-carburant-gps-768x512.webp 768w, http:\/\/ngi-tunisie.com\/wp-content\/uploads\/2025\/10\/Gestion-du-carburant-gps-1536x1024.webp 1536w, http:\/\/ngi-tunisie.com\/wp-content\/uploads\/2025\/10\/Gestion-du-carburant-gps-2048x1365.webp 2048w\" sizes=\"(max-width: 2560px) 100vw, 2560px\" \/>                                            <\/div>\r\n                                        <div class=\"inner-project-content\">\r\n                        <span class=\"inner-project-category-title tp-el-cat\">Par secteur<\/span>\r\n                        <h4 class=\"inner-project-title tp-el-title\"><a href=\"http:\/\/ngi-tunisie.com\/?tp-portfolios=minier\">Minier<\/a><\/h4>\r\n                                                <p class=\"tp-el-des\">Gestion de flotte de transport Ma\u00eetrise Totale du Carburant pour Lutter<\/p>\r\n                                            <\/div>\r\n                <\/div>\r\n            <\/div>\r\n                        <div class=\"col-xl-4 col-lg-4 col-md-6 col-12 grid-item par-secteur \">\r\n                <div class=\"inner-project-item mb-30\">\r\n                                        <div class=\"inner-project-img fix p-relative\">\r\n                        <img loading=\"lazy\" decoding=\"async\" width=\"1442\" height=\"800\" src=\"http:\/\/ngi-tunisie.com\/wp-content\/uploads\/2025\/10\/logistique.webp\" class=\"attachment-post-thumbnail size-post-thumbnail wp-post-image\" alt=\"\" srcset=\"http:\/\/ngi-tunisie.com\/wp-content\/uploads\/2025\/10\/logistique.webp 1442w, http:\/\/ngi-tunisie.com\/wp-content\/uploads\/2025\/10\/logistique-300x166.webp 300w, http:\/\/ngi-tunisie.com\/wp-content\/uploads\/2025\/10\/logistique-1024x568.webp 1024w, http:\/\/ngi-tunisie.com\/wp-content\/uploads\/2025\/10\/logistique-768x426.webp 768w\" sizes=\"(max-width: 1442px) 100vw, 1442px\" \/>                                            <\/div>\r\n                                        <div class=\"inner-project-content\">\r\n                        <span class=\"inner-project-category-title tp-el-cat\">Par secteur<\/span>\r\n                        <h4 class=\"inner-project-title tp-el-title\"><a href=\"http:\/\/ngi-tunisie.com\/?tp-portfolios=logistique\">Logistique<\/a><\/h4>\r\n                                                <p class=\"tp-el-des\">Gestion de flotte de transport G\u00e9olocalisation en temps r\u00e9el : optimiser<\/p>\r\n                                            <\/div>\r\n                <\/div>\r\n            <\/div>\r\n                    <\/div>\r\n    <\/div>\r\n<\/div>\r\n\r\n\t\t\t\t<\/div>\n\t\t\t\t<\/div>\n\t\t\t\t\t<\/div>\n\t\t<\/div>\n\t\t\t\t\t<\/div>\n\t\t<\/section>\n\t\t\t\t<\/div>\n\t\t","protected":false},"excerpt":{"rendered":"<p>Par secteur Oil &#038; Gas Gestion de flotte de transport Ma\u00eetrise Totale du Carburant pour Lutter Par secteur Pharmaceutique Gestion de flotte de transport Garantie Inviolable de la Cha\u00eene du Par secteur Minier Gestion de flotte de transport Ma\u00eetrise Totale du Carburant pour Lutter Par secteur Logistique Gestion de flotte de transport G\u00e9olocalisation en temps [&hellip;]<\/p>\n","protected":false},"author":1,"featured_media":0,"parent":0,"menu_order":0,"comment_status":"closed","ping_status":"closed","template":"elementor_header_footer","meta":{"_monsterinsights_skip_tracking":false,"_monsterinsights_sitenote_active":false,"_monsterinsights_sitenote_note":"","_monsterinsights_sitenote_category":0,"footnotes":""},"class_list":["post-60","page","type-page","status-publish","hentry"],"aioseo_notices":[],"_links":{"self":[{"href":"http:\/\/ngi-tunisie.com\/index.php?rest_route=\/wp\/v2\/pages\/60","targetHints":{"allow":["GET"]}}],"collection":[{"href":"http:\/\/ngi-tunisie.com\/index.php?rest_route=\/wp\/v2\/pages"}],"about":[{"href":"http:\/\/ngi-tunisie.com\/index.php?rest_route=\/wp\/v2\/types\/page"}],"author":[{"embeddable":true,"href":"http:\/\/ngi-tunisie.com\/index.php?rest_route=\/wp\/v2\/users\/1"}],"replies":[{"embeddable":true,"href":"http:\/\/ngi-tunisie.com\/index.php?rest_route=%2Fwp%2Fv2%2Fcomments&post=60"}],"version-history":[{"count":31,"href":"http:\/\/ngi-tunisie.com\/index.php?rest_route=\/wp\/v2\/pages\/60\/revisions"}],"predecessor-version":[{"id":4869,"href":"http:\/\/ngi-tunisie.com\/index.php?rest_route=\/wp\/v2\/pages\/60\/revisions\/4869"}],"wp:attachment":[{"href":"http:\/\/ngi-tunisie.com\/index.php?rest_route=%2Fwp%2Fv2%2Fmedia&parent=60"}],"curies":[{"name":"wp","href":"https:\/\/api.w.org\/{rel}","templated":true}]}}